{"id":7268,"date":"2025-07-23T12:18:01","date_gmt":"2025-07-23T10:18:01","guid":{"rendered":"https:\/\/pihemok.com\/cookie-policy"},"modified":"2025-07-23T12:18:01","modified_gmt":"2025-07-23T10:18:01","slug":"cookie-policy","status":"publish","type":"page","link":"https:\/\/pihemok.com\/en\/cookie-policy","title":{"rendered":"Cookie Policy"},"content":{"rendered":"\t\t<div data-elementor-type=\"wp-page\" data-elementor-id=\"7268\" class=\"elementor elementor-7268\" data-elementor-post-type=\"page\">\n\t\t\t\t\t\t<section class=\"elementor-section elementor-top-section elementor-element elementor-element-d4cdf0a ot-traditional elementor-section-boxed elementor-section-height-default elementor-section-height-default\" data-id=\"d4cdf0a\" data-element_type=\"section\" data-e-type=\"section\">\n\t\t\t\t\t\t<div class=\"elementor-container elementor-column-gap-default\">\n\t\t\t\t\t<div class=\"elementor-column elementor-col-100 elementor-top-column elementor-element elementor-element-a94e630 ot-flex-column-vertical\" data-id=\"a94e630\" data-element_type=\"column\" data-e-type=\"column\">\n\t\t\t<div class=\"elementor-widget-wrap elementor-element-populated\">\n\t\t\t\t\t\t<div class=\"elementor-element elementor-element-a7b2e61 elementor-widget elementor-widget-text-editor\" data-id=\"a7b2e61\" data-element_type=\"widget\" data-e-type=\"widget\" data-widget_type=\"text-editor.default\">\n\t\t\t\t<div class=\"elementor-widget-container\">\n\t\t\t\t\t\t\t\t\t<p>Conforme con la Ley 34\/2002, de 11 de julio, de servicios de la sociedad de la informaci\u00f3n y de comercio electr\u00f3nico (LSSI), en relaci\u00f3n con el Reglamento (UE) 2016\/679 del Parlamento Europeo y del Consejo, de 27 de abril de 2016, General de Protecci\u00f3n de Datos (GDPR) y la Ley Org\u00e1nica 3\/2018, de 5 de diciembre, de Protecci\u00f3n de Datos y Garant\u00eda de los Derechos Digitales (LOPDGDD), es obligado obtener el consentimiento expreso del usuario de todas las p\u00e1ginas web que usan cookies prescindibles, antes de que este navegue por ellas.<\/p><p>Seg\u00fan la directiva de la UE, las cookies que requieren el consentimiento informado por parte del usuario son las cookies de an\u00e1lisis y las de publicidad y afiliaci\u00f3n, quedando exceptuadas las de car\u00e1cter t\u00e9cnico y las necesarias para el funcionamiento del sitio web o la prestaci\u00f3n de servicios expresamente solicitados por el usuario.<\/p><p>Ponemos a tu disposici\u00f3n informaci\u00f3n clara y completa sobre el responsable de la web y la utilizaci\u00f3n de cookies, en particular, sobre los fines de tratamiento de datos personales.<\/p><p>El responsable de esta WEB es PIHEMOK CORPORATE SERVICES, SL con C.I.F. n\u00famero B-64506041 con domicilio social en la calle Can R\u00e0bia, N\u00ba 15, 08017 de Barcelona, Espa\u00f1a.<\/p><p>Cualquier usuario que desee ponerse en contacto con nosotros puede hacerlo en la direcci\u00f3n anteriormente mencionada o mediante correo electr\u00f3nico a <a href=\"mailto:info@pihemok.com\">info@pihemok.com <\/a>o al tel\u00e9fono: +34 934 809 18.<\/p>\t\t\t\t\t\t\t\t<\/div>\n\t\t\t\t<\/div>\n\t\t\t\t<div class=\"elementor-element elementor-element-51bfa21 elementor-widget elementor-widget-text-editor\" data-id=\"51bfa21\" data-element_type=\"widget\" data-e-type=\"widget\" data-widget_type=\"text-editor.default\">\n\t\t\t\t<div class=\"elementor-widget-container\">\n\t\t\t\t\t\t\t\t\t<h5>\u00bfQU\u00c9 ES UNA COOKIE?<\/h5><p>Una Cookie es un fichero que se descarga en su ordenador al acceder a determinadas p\u00e1ginas web. Las cookies permiten a una p\u00e1gina web, entre otras cosas, almacenar y recuperar informaci\u00f3n sobre los h\u00e1bitos de navegaci\u00f3n de un usuario o de su equipo y, dependiendo de la informaci\u00f3n que contenga y de la forma en que utilice su equipo, pueden utilizarse para reconocer al usuario.<\/p><p>Las cookies son esenciales para el funcionamiento de internet, aportando innumerables ventajas en la prestaci\u00f3n de servicios interactivos, facilit\u00e1ndole la navegaci\u00f3n y usabilidad de nuestra web.<\/p><p>La informaci\u00f3n que le proporcionamos a continuaci\u00f3n, le ayudar\u00e1 a comprender los diferentes tipos de cookies:<\/p>\t\t\t\t\t\t\t\t<\/div>\n\t\t\t\t<\/div>\n\t\t\t\t<div class=\"elementor-element elementor-element-6ff9d10 elementor-widget elementor-widget-text-editor\" data-id=\"6ff9d10\" data-element_type=\"widget\" data-e-type=\"widget\" data-widget_type=\"text-editor.default\">\n\t\t\t\t<div class=\"elementor-widget-container\">\n\t\t\t\t\t\t\t\t\t<h5>TIPOS DE COOKIES<\/h5><p>SEG\u00daN PROPIEDAD:<\/p><ul><li><strong>Cookies propias:\u00a0<\/strong>Son aqu\u00e9llas que se env\u00edan al equipo terminal del usuario desde un equipo o dominio gestionado por el propio editor y desde el que presta el servicio solicitado por el usuario.<\/li><\/ul><ul><li><strong>Cookies de Terceros:<\/strong>\u00a0Son aqu\u00e9llas que se env\u00edan al equipo terminal del usuario desde un equipo o dominio que no es gestionado por el editor, sin por otra entidad que trata los datos obtenidos a trav\u00e9s de las cookies.<\/li><\/ul><p>SEG\u00daN EL PLAZO DE CONSERVACI\u00d3N:<\/p><ul><li><strong>Cookies de sesi\u00f3n:<\/strong>\u00a0Son un tipo de cookies dise\u00f1adas para recabar y almacenar datos mientras el usuario accede a una P\u00e1gina Web. Se suelen emplear para almacenar informaci\u00f3n que solo interesa conservar para la prestaci\u00f3n del servicio solicitado por el usuario en una sola ocasi\u00f3n y caducan al cerrar sesi\u00f3n o cerrar el navegador.<\/li><\/ul><ul><li><strong>Cookies persistentes:<\/strong>\u00a0Son un tipo de cookies en el que los datos siguen almacenados en el terminal para que sean accedidos y utilizados en m\u00e1s de una sesi\u00f3n. Pueden ser accedidos y tratados durante un periodo definido por el responsable de la cookie, y que puede ir de unos minutos a varios a\u00f1os.<\/li><\/ul><p>SEG\u00daN FINALIDAD:<\/p><ul><li><strong>Cookies t\u00e9cnicas:\u00a0\u00a0<\/strong><span data-contrast=\"auto\">Son aqu\u00e9llas que permiten al usuario la navegaci\u00f3n a trav\u00e9s de una P\u00e1gina Web, plataforma o P\u00e1gina Web y la utilizaci\u00f3n de las diferentes opciones o servicios que en ella existan como,\u00a0<\/span><span data-contrast=\"none\">incluyendo aquellas que el editor utiliza para permitir la gesti\u00f3n y operativa de la p\u00e1gina web y habilitar sus funciones y servicios\u00a0<\/span><span data-contrast=\"auto\">como por ejemplo, controlar el tr\u00e1fico y la comunicaci\u00f3n de datos, identificar la sesi\u00f3n, acceder a partes de acceso restringido.\u00a0<\/span><span data-ccp-props=\"{\"><span class=\"TextRun SCXW20992324 BCX0\" lang=\"ES-ES\" xml:lang=\"ES-ES\" data-contrast=\"none\"><span class=\"NormalTextRun SCXW20992324 BCX0\"><br \/>Cuando estas cookies t\u00e9cnicas, \u00fanica y exclusivamente permitan prestar el servicio solicitado al usuario, tal y como se refiere en el p\u00e1rrafo anterior estar\u00e1n exentas de recabar el consentimiento del usuario para su instalaci\u00f3n.\u00a0<\/span><\/span><span class=\"EOP SCXW20992324 BCX0\" data-ccp-props=\"{\">\u00a0<\/span><\/span><\/li><\/ul><ul><li><p class=\"p1\"><b>Cookies de personalizaci\u00f3n:<\/b>\u00a0Son aqu\u00e9llas que permiten al usuario acceder al servicio con algunas caracter\u00edsticas de car\u00e1cter general predefinidas en funci\u00f3n de una serie de criterios en el terminal del usuario como por ejemplo serian el idioma, el tipo de navegador. Son aqu\u00e9llas que permiten al responsable de las mismas, el seguimiento y an\u00e1lisis del comportamiento de los usuarios a los que est\u00e1n vinculadas. La informaci\u00f3n recogida mediante este tipo de cookies se utiliza en la medici\u00f3n de la actividad de los sitios web, P\u00e1gina Web o plataforma y para la elaboraci\u00f3n de perfiles de navegaci\u00f3n de los usuarios.<\/p><\/li><\/ul><ul><li><p class=\"p1\"><b>Cookies publicitarias:<\/b>\u00a0Son aqu\u00e9llas que permiten la gesti\u00f3n, de la forma m\u00e1s eficaz posible, de los espacios publicitarios.<\/p><\/li><\/ul><ul><li><p class=\"p1\"><b>Cookies de publicidad comportamental:<\/b>\u00a0Estas cookies almacenan informaci\u00f3n del comportamiento de los usuarios obtenida a trav\u00e9s de la observaci\u00f3n continuada de sus h\u00e1bitos de navegaci\u00f3n, lo que permite desarrollar un perfil espec\u00edfico para mostrar publicidad en funci\u00f3n del mismo.<\/p><\/li><\/ul><ul><li><strong><span class=\"TextRun MacChromeBold SCXW214541071 BCX0\" lang=\"ES-ES\" xml:lang=\"ES-ES\" data-contrast=\"none\"><span class=\"NormalTextRun SCXW214541071 BCX0\">\u00a0 Cookies de an\u00e1lisis o medici\u00f3n:<\/span><\/span><\/strong><span class=\"TextRun SCXW214541071 BCX0\" lang=\"ES-ES\" xml:lang=\"ES-ES\" data-contrast=\"none\"><span class=\"NormalTextRun SCXW214541071 BCX0\">\u00a0son aquellas que permiten al responsable<\/span><span class=\"NormalTextRun SCXW214541071 BCX0\">\u00a0de\u00a0<\/span><span class=\"NormalTextRun SCXW214541071 BCX0\">las mismas<\/span><span class=\"NormalTextRun SCXW214541071 BCX0\">\u00a0el seguimiento y an\u00e1lisis del comportamiento de los usuarios de los sitios web a los que est\u00e1n vinculadas, incluida la cuantificaci\u00f3n de los impactos de los anuncios.\u00a0 La informaci\u00f3n recogida mediante este tipo de cookies se utiliza en la medici\u00f3n de la actividad de los sitios web, aplicaci\u00f3n o plataforma, con el fin de introducir mejoras en funci\u00f3n del an\u00e1lisis de los datos de uso que hacen los usuarios del servicio.<\/span><\/span><\/li><\/ul>\t\t\t\t\t\t\t\t<\/div>\n\t\t\t\t<\/div>\n\t\t\t\t<div class=\"elementor-element elementor-element-cb4738f elementor-widget elementor-widget-text-editor\" data-id=\"cb4738f\" data-element_type=\"widget\" data-e-type=\"widget\" data-widget_type=\"text-editor.default\">\n\t\t\t\t<div class=\"elementor-widget-container\">\n\t\t\t\t\t\t\t\t\t<h5>COOKIES QUE UTILIZAMOS:<\/h5><p>Esta p\u00e1gina utiliza tipos diferentes de cookies. Algunas cookies son colocadas por servicios de terceros que aparecen en nuestras p\u00e1ginas.<\/p><p>Las cookies t\u00e9cnicas son necesarias ya que ayudan a hacer una p\u00e1gina web utilizable activando funciones b\u00e1sicas como la navegaci\u00f3n en la p\u00e1gina y el acceso a \u00e1reas seguras de la p\u00e1gina web. La p\u00e1gina web no puede funcionar adecuadamente sin estas cookies.<\/p><p>En cualquier momento puede cambiar o retirar su consentimiento desde la [Configuraci\u00f3n de cookies] en nuestro sitio web.<\/p><p>Obtenga m\u00e1s informaci\u00f3n sobre c\u00f3mo tratamos los datos personales en nuestra\u00a0<a href=\"https:\/\/pihemok.com\/politica-privacidad\">Pol\u00edtica de Privacidad<\/a><\/p>\t\t\t\t\t\t\t\t<\/div>\n\t\t\t\t<\/div>\n\t\t\t\t<div class=\"elementor-element elementor-element-36fe764 elementor-widget elementor-widget-html\" data-id=\"36fe764\" data-element_type=\"widget\" data-e-type=\"widget\" data-widget_type=\"html.default\">\n\t\t\t\t<div class=\"elementor-widget-container\">\n\t\t\t\t\t<div class= \"cky-audit-table-element\"><\/div>\t\t\t\t<\/div>\n\t\t\t\t<\/div>\n\t\t\t\t<div class=\"elementor-element elementor-element-3e0bffa elementor-widget elementor-widget-text-editor\" data-id=\"3e0bffa\" data-element_type=\"widget\" data-e-type=\"widget\" data-widget_type=\"text-editor.default\">\n\t\t\t\t<div class=\"elementor-widget-container\">\n\t\t\t\t\t\t\t\t\t<p><b>Cookies terceros:\u00a0<\/b>Google Analytics es un servicio gratuito que ofrece Google Inc., y que recoge informaci\u00f3n a fin de elaborar informes estad\u00edsticos sobre qu\u00e9 p\u00e1ginas del sitio web se han consultado, como se ha accedido al sitio web, en qu\u00e9 momento, con qu\u00e9 navegador, etc.<\/p><p>Posteriormente esta informaci\u00f3n se env\u00eda a los servidores de Google Inc. Puede obtener m\u00e1s informaci\u00f3n sobre las cookies que utiliza el servicio Google Analytics a\u00a0<a href=\"https:\/\/developers.google.com\/analytics\/devguides\/collection\/analyticsjs\/cookie-usage?hl=es-419\">https:\/\/developers.google.com\/analytics\/devguides\/collection\/analyticsjs\/cookie-usage?hl=es-419<\/a><a href=\"https:\/\/developers.google.com\/analytics\/devguides\/collection\/analyticsjs\/cookie-usage?hl=es-419\"><br \/><\/a>Google Analytics ha desarrollado una herramienta que se puede instalar en el navegador en caso de que no se quiera ser rastreado por las cookies:\u00a0<a href=\"https:\/\/tools.google.com\/dlpage\/gaoptout?hl=es\"><span class=\"s1\">https:\/\/tools.google.com\/dlpage\/gaoptout?hl=es<\/span><\/a><\/p><p><span class=\"TextRun SCXW31333784 BCX0\" lang=\"ES-ES\" xml:lang=\"ES-ES\" data-contrast=\"none\"><span class=\"NormalTextRun SCXW31333784 BCX0\">Para poder Aceptar o rechazar las cookies de an\u00e1lisis, que requieren consentimiento, se han habilitado unos botones que le aparecen al entrar en la web.Si usted acepta la instalaci\u00f3n de las cookies de an\u00e1lisis y posteriormente desea desinstalarlas, deber\u00e1 proceder a su borrado desde su navegador, que puede configurar para rechazar o aceptar cookies, borrarlas manualmente o bien para su borrado autom\u00e1tico cuando cierre su navegador, equipo o dispositivo. Mas informaci\u00f3n en el siguiente apdo.<\/span><\/span><span class=\"EOP SCXW31333784 BCX0\" data-ccp-props=\"{\">\u00a0<\/span><\/p>\t\t\t\t\t\t\t\t<\/div>\n\t\t\t\t<\/div>\n\t\t\t\t<div class=\"elementor-element elementor-element-7318da8 elementor-widget elementor-widget-text-editor\" data-id=\"7318da8\" data-element_type=\"widget\" data-e-type=\"widget\" data-widget_type=\"text-editor.default\">\n\t\t\t\t<div class=\"elementor-widget-container\">\n\t\t\t\t\t\t\t\t\t<h5>TRANSFERENCIA DE DATOS A TERCEROS PA\u00cdSES:<\/h5><p>Puedes informarte de las transferencias a terceros pa\u00edses que, en tu caso, realizan los terceros identificados en esta pol\u00edtica de cookies en sus correspondientes pol\u00edticas (ver los enlaces facilitados en el apartado \u201cCookies de terceros\u201d). Periodo de conservaci\u00f3n de datos de usuarios y eventos asociados a las cookies. Los identificadores de usuario (por ejemplo, User-ID) y los identificadores publicitarios (por ejemplo, las cookies de DoubleClick, el ID de publicidad de Android [AAID o AdID] y el identificador de anunciantes de Apple [IDFA]). Google Analytics, elimina de forma predeterminada algunos datos identificativos (por ejemplo, la edad, el sexo y los intereses) de los usuarios que hayan estado inactivos durante m\u00e1s de 6 meses (en el caso de las propiedades Universal Analytics) o durante m\u00e1s de 2 meses (en el caso de las propiedades Google Analytics 4). El tiempo m\u00e1ximo durante el que Analytics conservar\u00e1 los datos de Google signals es de 26 meses, independientemente de la configuraci\u00f3n que elijas.\u00a0De forma predeterminada, los datos de los usuarios que han iniciado sesi\u00f3n en Google caducan pasados 26 meses. Sin embargo, si se asigna un valor inferior a ese al ajuste Conservaci\u00f3n de datos, Google respetar\u00e1 el periodo m\u00e1s corto que se haya definido. En el caso de las propiedades Google Analytics 4 (versi\u00f3n distinta a Analytics 360), la conservaci\u00f3n de los datos a nivel de usuario, incluidas las conversiones, puede fijarse en un m\u00e1ximo de 14 meses. En el resto de los datos de eventos, puedes elegir la duraci\u00f3n de la conservaci\u00f3n: 2 meses 14 meses.<\/p>\t\t\t\t\t\t\t\t<\/div>\n\t\t\t\t<\/div>\n\t\t\t\t<div class=\"elementor-element elementor-element-526a232 elementor-widget elementor-widget-text-editor\" data-id=\"526a232\" data-element_type=\"widget\" data-e-type=\"widget\" data-widget_type=\"text-editor.default\">\n\t\t\t\t<div class=\"elementor-widget-container\">\n\t\t\t\t\t\t\t\t\t<h5>DERECHOS DE LOS INTERESADOS:<\/h5><p class=\"p1\">Toda persona que acceda a esta web asume su papel de usuario y le compromete al cumplimiento de las condiciones aqu\u00ed dispuestas, as\u00ed como cualquier otra disposici\u00f3n legal que sea de aplicaci\u00f3n. Por esto les aconsejamos a revisar el presente texto, as\u00ed como nuestra\u00a0<a href=\"https:\/\/pihemok.com\/politica-privacidad\"><span class=\"s1\"><b>Pol\u00edtica de Privacidad<\/b><\/span><\/a>.<\/p>\t\t\t\t\t\t\t\t<\/div>\n\t\t\t\t<\/div>\n\t\t\t\t<div class=\"elementor-element elementor-element-693ccae elementor-widget elementor-widget-text-editor\" data-id=\"693ccae\" data-element_type=\"widget\" data-e-type=\"widget\" data-widget_type=\"text-editor.default\">\n\t\t\t\t<div class=\"elementor-widget-container\">\n\t\t\t\t\t\t\t\t\t<h5>CONSENTIMIENTO:<\/h5><p>El consentimiento prestado por un usuario para el uso de una determinada cookie no tendr\u00e1 una duraci\u00f3n superior a 24 meses y durante este tiempo se conservar\u00e1 la selecci\u00f3n realizada por el usuario sobre sus preferencias, sin que se le solicite un nuevo consentimiento cada vez que visite nuestra web.<\/p>\t\t\t\t\t\t\t\t<\/div>\n\t\t\t\t<\/div>\n\t\t\t\t<div class=\"elementor-element elementor-element-32b394f elementor-widget elementor-widget-text-editor\" data-id=\"32b394f\" data-element_type=\"widget\" data-e-type=\"widget\" data-widget_type=\"text-editor.default\">\n\t\t\t\t<div class=\"elementor-widget-container\">\n\t\t\t\t\t\t\t\t\t<h5>CONSENTIMIENTO:<\/h5><p>El consentimiento prestado por un usuario para el uso de una determinada cookie no tendr\u00e1 una duraci\u00f3n superior a 24 meses y durante este tiempo se conservar\u00e1 la selecci\u00f3n realizada por el usuario sobre sus preferencias, sin que se le solicite un nuevo consentimiento cada vez que visite nuestra web.<\/p>\t\t\t\t\t\t\t\t<\/div>\n\t\t\t\t<\/div>\n\t\t\t\t<div class=\"elementor-element elementor-element-b0116ba elementor-widget elementor-widget-text-editor\" data-id=\"b0116ba\" data-element_type=\"widget\" data-e-type=\"widget\" data-widget_type=\"text-editor.default\">\n\t\t\t\t<div class=\"elementor-widget-container\">\n\t\t\t\t\t\t\t\t\t<h5>LEGITIMACI\u00d3N:<\/h5><p>El inter\u00e9s leg\u00edtimo del tratamiento de datos radica en la optimizaci\u00f3n de la p\u00e1gina web, el an\u00e1lisis del uso de la p\u00e1gina web y la adaptaci\u00f3n del contenido. Los intereses del usuario est\u00e1n garantizados adecuadamente mediante la pseudominizaci\u00f3n. (Art. 6 apart. 1 letra f) RGPD).<\/p>\t\t\t\t\t\t\t\t<\/div>\n\t\t\t\t<\/div>\n\t\t\t\t<div class=\"elementor-element elementor-element-ba6dafa elementor-widget elementor-widget-text-editor\" data-id=\"ba6dafa\" data-element_type=\"widget\" data-e-type=\"widget\" data-widget_type=\"text-editor.default\">\n\t\t\t\t<div class=\"elementor-widget-container\">\n\t\t\t\t\t\t\t\t\t<h5>SEGURIDAD:<\/h5><p>Google LLC est\u00e1 certificado conforme al llamado\u00a0<a href=\"https:\/\/www.privacyshield.gov\/ps\/participant?id=a2zt000000001L5AAI\">Privacy Shield<\/a>\u00a0y, por tanto, queda garantizado un adecuado nivel de protecci\u00f3n de datos. El registro realizado por Google Analytics puede impedirse si el visitante de la p\u00e1gina configura los ajustes de Cookies para esta p\u00e1gina web. El registro y almacenamiento de la direcci\u00f3n IP y de los datos generados por las Cookies pueden anularse en cualquier momento sin efectos retroactivos. El correspondiente plugin del navegador puede descargarse e instalarse a trav\u00e9s del siguiente enlace<a href=\"https:\/\/tools.google.com\/dlpage\/gaoptout\">\u00a0https:\/\/tools.google.com\/dlpage\/gaoptout.<\/a><\/p><p>M\u00e1s informaci\u00f3n sobre el uso de datos por Google, las opciones de configuraci\u00f3n y anulaci\u00f3n se puede encontrar en la\u00a0<a href=\"https:\/\/policies.google.com\/privacy\">Pol\u00edtica de Privacidad de Google<\/a>, as\u00ed como en los\u00a0<a href=\"https:\/\/accounts.google.com\/v3\/signin\/identifier?continue=https%3A%2F%2Fadssettings.google.com%2Fauthenticated&amp;followup=https%3A%2F%2Fadssettings.google.com%2Fauthenticated&amp;ifkv=AXo7B7Xw6LWa86GAqwyrtBv23elYo86Yzb2R3QbKz27NWWuBuSBz6CrascVNfev3YWB2UxGBO3WOaA&amp;passive=1209600&amp;flowName=GlifWebSignIn&amp;flowEntry=ServiceLogin&amp;dsh=S1175281880%3A1692832904841539\">ajustes para la publicidad de Google<\/a>\u00a0El usuario puede rechazar el tratamiento de los datos o la informaci\u00f3n rechazando el uso de cookies mediante la selecci\u00f3n de la configuraci\u00f3n apropiada de su navegador, sin embargo, si lo hace puede ser que no pueda usar la plenamente la website. Al utilizar la website y dar su consentimiento, se consiente el tratamiento de informaci\u00f3n por Google en la forma y para los fines arriba indicados.<\/p>\t\t\t\t\t\t\t\t<\/div>\n\t\t\t\t<\/div>\n\t\t\t\t<div class=\"elementor-element elementor-element-c15c9e1 elementor-widget elementor-widget-text-editor\" data-id=\"c15c9e1\" data-element_type=\"widget\" data-e-type=\"widget\" data-widget_type=\"text-editor.default\">\n\t\t\t\t<div class=\"elementor-widget-container\">\n\t\t\t\t\t\t\t\t\t<h5 class=\"p1\">C\u00d3MO ELMINAR COOKIES:<\/h5><p class=\"p1\">Usted puede restringir, bloquear o borrar las cookies de PIHEMOK CORPORATE SERVICES o cualquier otra p\u00e1gina web, utilizando su navegador. En cada navegador la operativa es diferente, la funci\u00f3n de \u2018Ayuda\u2019 le mostrar\u00e1 c\u00f3mo hacerlo.<\/p><ul><li><strong>Internet Explorer:\u00a0<\/strong><a href=\"https:\/\/support.microsoft.com\/es-es\/windows\/eliminar-y-administrar-cookies-168dab11-0753-043d-7c16-ede5947fc64d\">\u00a0windows.microsoft.com\/es-xl\/internet-explorer\/delete-manage-cookies#ie=ie-10 https:\/\/support.microsoft.com\/es-es\/windows\/eliminar-y-administrar-cookies-168dab11-0753-043d-7c16-ede5947fc64d<\/a><\/li><li><strong>Firefox:<\/strong>\u00a0<a href=\"https:\/\/support.mozilla.org\/es\/kb\/Borrar%20cookies\">support.mozilla.org\/es\/kb\/Borrar%20cookies<\/a><\/li><li><strong>Chrome:<\/strong>\u00a0<a href=\"https:\/\/support.google.com\/chrome\/answer\/95647?hl=es&amp;hlrm=en\">support.google.com\/chrome\/answer\/95647?hl=es\u00a0<\/a><\/li><li><strong>Safari:<\/strong>\u00a0<a href=\"https:\/\/www.apple.com\/legal\/privacy\/es\/cookies\/\">www.apple.com\/es\/privacy\/use-of-cookies\/\u00a0<\/a><\/li><\/ul><p class=\"p1\">Adem\u00e1s, tambi\u00e9n puede gestionar el almac\u00e9n de cookies en su navegador a trav\u00e9s de herramientas como las siguientes:<\/p><ul><li>Ghostery:\u00a0<a href=\"https:\/\/www.ghostery.com\/\">https:\/\/www.ghostery.com\/<\/a><\/li><li>Your online choices:\u00a0<a href=\"https:\/\/www.youronlinechoices.com\/es\/\">https:\/\/www.youronlinechoices.com\/es\/<\/a><\/li><\/ul><p><span data-contrast=\"none\">Para el resto de informaci\u00f3n sobre tratamiento de datos ver enlace\u00a0<\/span><a href=\"https:\/\/pihemok.com\/politica-privacidad\">Pol\u00edtica de privacidad<\/a>.\u00a0<\/p>\t\t\t\t\t\t\t\t<\/div>\n\t\t\t\t<\/div>\n\t\t\t\t\t<\/div>\n\t\t<\/div>\n\t\t\t\t\t<\/div>\n\t\t<\/section>\n\t\t\t\t<\/div>\n\t\t","protected":false},"excerpt":{"rendered":"<p>In accordance with Law 34\/2002 of July 11, 2002, on information society services and electronic commerce (LSSI), in relation to Regulation (EU) 2016\/679 of the European Parliament and of the Council of April 27, 2016, General Data Protection Regulation (GDPR) and Organic Law 3\/2018 of December 5, 2018, on Data Protection and Guarantee of Digital [&hellip;]<\/p>\n","protected":false},"author":3,"featured_media":0,"parent":0,"menu_order":0,"comment_status":"closed","ping_status":"closed","template":"","meta":{"footnotes":""},"class_list":["post-7268","page","type-page","status-publish","hentry"],"_links":{"self":[{"href":"https:\/\/pihemok.com\/en\/wp-json\/wp\/v2\/pages\/7268","targetHints":{"allow":["GET"]}}],"collection":[{"href":"https:\/\/pihemok.com\/en\/wp-json\/wp\/v2\/pages"}],"about":[{"href":"https:\/\/pihemok.com\/en\/wp-json\/wp\/v2\/types\/page"}],"author":[{"embeddable":true,"href":"https:\/\/pihemok.com\/en\/wp-json\/wp\/v2\/users\/3"}],"replies":[{"embeddable":true,"href":"https:\/\/pihemok.com\/en\/wp-json\/wp\/v2\/comments?post=7268"}],"version-history":[{"count":0,"href":"https:\/\/pihemok.com\/en\/wp-json\/wp\/v2\/pages\/7268\/revisions"}],"wp:attachment":[{"href":"https:\/\/pihemok.com\/en\/wp-json\/wp\/v2\/media?parent=7268"}],"curies":[{"name":"wp","href":"https:\/\/api.w.org\/{rel}","templated":true}]}}